{"id":81,"date":"2024-12-16T13:42:29","date_gmt":"2024-12-16T13:42:29","guid":{"rendered":"https:\/\/whyrbil.nu\/?page_id=81"},"modified":"2024-12-17T06:48:53","modified_gmt":"2024-12-17T06:48:53","slug":"startsida","status":"publish","type":"page","link":"https:\/\/whyrbil.nu\/","title":{"rendered":"Startsida"},"content":{"rendered":"\t\t<div data-elementor-type=\"wp-page\" data-elementor-id=\"81\" class=\"elementor elementor-81\" data-elementor-post-type=\"page\">\n\t\t\t\t<div class=\"elementor-element elementor-element-24fa3c1c e-con-full e-flex e-con e-parent\" data-id=\"24fa3c1c\" data-element_type=\"container\" data-e-type=\"container\" data-settings=\"{&quot;background_background&quot;:&quot;classic&quot;}\">\n\t\t<div class=\"elementor-element elementor-element-2c494d41 e-flex e-con-boxed e-con e-child\" data-id=\"2c494d41\" data-element_type=\"container\" data-e-type=\"container\">\n\t\t\t\t\t<div class=\"e-con-inner\">\n\t\t\t\t<div class=\"elementor-element elementor-element-e099e17 elementor-widget elementor-widget-image\" data-id=\"e099e17\" data-element_type=\"widget\" data-e-type=\"widget\" data-widget_type=\"image.default\">\n\t\t\t\t<div class=\"elementor-widget-container\">\n\t\t\t\t\t\t\t\t\t\t\t\t\t\t\t<img fetchpriority=\"high\" decoding=\"async\" width=\"363\" height=\"354\" src=\"https:\/\/whyrbil.nu\/wp-content\/uploads\/2024\/12\/VIT-STOR-HYRBIL-WESTERHOLM-logg.png\" class=\"attachment-large size-large wp-image-154\" alt=\"\" srcset=\"https:\/\/whyrbil.nu\/wp-content\/uploads\/2024\/12\/VIT-STOR-HYRBIL-WESTERHOLM-logg.png 363w, https:\/\/whyrbil.nu\/wp-content\/uploads\/2024\/12\/VIT-STOR-HYRBIL-WESTERHOLM-logg-300x293.png 300w\" sizes=\"(max-width: 363px) 100vw, 363px\" \/>\t\t\t\t\t\t\t\t\t\t\t\t\t\t\t<\/div>\n\t\t\t\t<\/div>\n\t\t\t\t<div class=\"elementor-element elementor-element-004a4be elementor-widget elementor-widget-spacer\" data-id=\"004a4be\" data-element_type=\"widget\" data-e-type=\"widget\" data-widget_type=\"spacer.default\">\n\t\t\t\t<div class=\"elementor-widget-container\">\n\t\t\t\t\t\t\t<div class=\"elementor-spacer\">\n\t\t\t<div class=\"elementor-spacer-inner\"><\/div>\n\t\t<\/div>\n\t\t\t\t\t\t<\/div>\n\t\t\t\t<\/div>\n\t\t\t\t<div class=\"elementor-element elementor-element-aae1b26 elementor-widget elementor-widget-heading\" data-id=\"aae1b26\" data-element_type=\"widget\" data-e-type=\"widget\" data-widget_type=\"heading.default\">\n\t\t\t\t<div class=\"elementor-widget-container\">\n\t\t\t\t\t<h2 class=\"elementor-heading-title elementor-size-default\">Hyrbilar finns i:<BR>\n Enk\u00f6ping OCH  V\u00e4ster\u00e5s\n\n \n<\/h2>\t\t\t\t<\/div>\n\t\t\t\t<\/div>\n\t\t<div class=\"elementor-element elementor-element-af5cf3c e-grid e-con-full e-con e-child\" data-id=\"af5cf3c\" data-element_type=\"container\" data-e-type=\"container\">\n\t\t\t\t<div class=\"elementor-element elementor-element-6881ab1 elementor-widget elementor-widget-google_maps\" data-id=\"6881ab1\" data-element_type=\"widget\" data-e-type=\"widget\" data-widget_type=\"google_maps.default\">\n\t\t\t\t<div class=\"elementor-widget-container\">\n\t\t\t\t\t\t\t<div class=\"elementor-custom-embed\">\n\t\t\t<iframe loading=\"lazy\"\n\t\t\t\t\tsrc=\"https:\/\/maps.google.com\/maps?q=Ges%C3%A4llgatan%205%2C%20Enk%C3%B6ping&#038;t=m&#038;z=10&#038;output=embed&#038;iwloc=near\"\n\t\t\t\t\ttitle=\"Ges\u00e4llgatan 5, Enk\u00f6ping\"\n\t\t\t\t\taria-label=\"Ges\u00e4llgatan 5, Enk\u00f6ping\"\n\t\t\t><\/iframe>\n\t\t<\/div>\n\t\t\t\t\t\t<\/div>\n\t\t\t\t<\/div>\n\t\t\t\t<div class=\"elementor-element elementor-element-9c36c83 elementor-widget elementor-widget-google_maps\" data-id=\"9c36c83\" data-element_type=\"widget\" data-e-type=\"widget\" data-widget_type=\"google_maps.default\">\n\t\t\t\t<div class=\"elementor-widget-container\">\n\t\t\t\t\t\t\t<div class=\"elementor-custom-embed\">\n\t\t\t<iframe loading=\"lazy\"\n\t\t\t\t\tsrc=\"https:\/\/maps.google.com\/maps?q=Str%C3%B6mledningsgatan%205%2C%20V%C3%A4ster%C3%A5s&#038;t=m&#038;z=10&#038;output=embed&#038;iwloc=near\"\n\t\t\t\t\ttitle=\"Str\u00f6mledningsgatan 5, V\u00e4ster\u00e5s\"\n\t\t\t\t\taria-label=\"Str\u00f6mledningsgatan 5, V\u00e4ster\u00e5s\"\n\t\t\t><\/iframe>\n\t\t<\/div>\n\t\t\t\t\t\t<\/div>\n\t\t\t\t<\/div>\n\t\t\t\t<\/div>\n\t\t\t\t\t<\/div>\n\t\t\t\t<\/div>\n\t\t\t\t<div class=\"elementor-element elementor-element-2a44d190 elementor-widget__width-initial elementor-absolute elementor-widget-mobile__width-inherit elementor-invisible elementor-widget elementor-widget-image\" data-id=\"2a44d190\" data-element_type=\"widget\" data-e-type=\"widget\" data-settings=\"{&quot;_position&quot;:&quot;absolute&quot;,&quot;_animation&quot;:&quot;slideInRight&quot;}\" data-widget_type=\"image.default\">\n\t\t\t\t<div class=\"elementor-widget-container\">\n\t\t\t\t\t\t\t\t\t\t\t\t\t\t\t<img decoding=\"async\" width=\"800\" height=\"600\" src=\"https:\/\/whyrbil.nu\/wp-content\/uploads\/2024\/12\/1000004756.jpg\" class=\"attachment-large size-large wp-image-147\" alt=\"\" srcset=\"https:\/\/whyrbil.nu\/wp-content\/uploads\/2024\/12\/1000004756.jpg 1008w, https:\/\/whyrbil.nu\/wp-content\/uploads\/2024\/12\/1000004756-300x225.jpg 300w, https:\/\/whyrbil.nu\/wp-content\/uploads\/2024\/12\/1000004756-768x576.jpg 768w\" sizes=\"(max-width: 800px) 100vw, 800px\" \/>\t\t\t\t\t\t\t\t\t\t\t\t\t\t\t<\/div>\n\t\t\t\t<\/div>\n\t\t\t\t<\/div>\n\t\t<div class=\"elementor-element elementor-element-c7cb8cc e-flex e-con-boxed e-con e-parent\" data-id=\"c7cb8cc\" data-element_type=\"container\" data-e-type=\"container\">\n\t\t\t\t\t<div class=\"e-con-inner\">\n\t\t\t\t<div class=\"elementor-element elementor-element-8cc4d13 elementor-widget-divider--view-line_icon elementor-view-default elementor-widget-divider--element-align-center elementor-widget elementor-widget-divider\" data-id=\"8cc4d13\" data-element_type=\"widget\" data-e-type=\"widget\" data-widget_type=\"divider.default\">\n\t\t\t\t<div class=\"elementor-widget-container\">\n\t\t\t\t\t\t\t<div class=\"elementor-divider\">\n\t\t\t<span class=\"elementor-divider-separator\">\n\t\t\t\t\t\t\t<div class=\"elementor-icon elementor-divider__element\">\n\t\t\t\t\t<svg aria-hidden=\"true\" class=\"e-font-icon-svg e-fas-car\" viewBox=\"0 0 512 512\" xmlns=\"http:\/\/www.w3.org\/2000\/svg\"><path d=\"M499.99 176h-59.87l-16.64-41.6C406.38 91.63 365.57 64 319.5 64h-127c-46.06 0-86.88 27.63-103.99 70.4L71.87 176H12.01C4.2 176-1.53 183.34.37 190.91l6 24C7.7 220.25 12.5 224 18.01 224h20.07C24.65 235.73 16 252.78 16 272v48c0 16.12 6.16 30.67 16 41.93V416c0 17.67 14.33 32 32 32h32c17.67 0 32-14.33 32-32v-32h256v32c0 17.67 14.33 32 32 32h32c17.67 0 32-14.33 32-32v-54.07c9.84-11.25 16-25.8 16-41.93v-48c0-19.22-8.65-36.27-22.07-48H494c5.51 0 10.31-3.75 11.64-9.09l6-24c1.89-7.57-3.84-14.91-11.65-14.91zm-352.06-17.83c7.29-18.22 24.94-30.17 44.57-30.17h127c19.63 0 37.28 11.95 44.57 30.17L384 208H128l19.93-49.83zM96 319.8c-19.2 0-32-12.76-32-31.9S76.8 256 96 256s48 28.71 48 47.85-28.8 15.95-48 15.95zm320 0c-19.2 0-48 3.19-48-15.95S396.8 256 416 256s32 12.76 32 31.9-12.8 31.9-32 31.9z\"><\/path><\/svg><\/div>\n\t\t\t\t\t\t<\/span>\n\t\t<\/div>\n\t\t\t\t\t\t<\/div>\n\t\t\t\t<\/div>\n\t\t\t\t\t<\/div>\n\t\t\t\t<\/div>\n\t\t<div class=\"elementor-element elementor-element-567b324 e-flex e-con-boxed e-con e-parent\" data-id=\"567b324\" data-element_type=\"container\" data-e-type=\"container\">\n\t\t\t\t\t<div class=\"e-con-inner\">\n\t\t\t\t<div class=\"elementor-element elementor-element-7590536 elementor-widget elementor-widget-shortcode\" data-id=\"7590536\" data-element_type=\"widget\" data-e-type=\"widget\" data-widget_type=\"shortcode.default\">\n\t\t\t\t<div class=\"elementor-widget-container\">\n\t\t\t\t\t\t\t<div class=\"elementor-shortcode\"><iframe src=\"https:\/\/www.google.com\/maps\/d\/embed?mid=1eSIO16jY2mKfmfTOBsMZpw7fqtzjZ58&ehbc=2E312F&noprof=1\" width=\"640\" height=\"480\"><\/iframe><\/div>\n\t\t\t\t\t\t<\/div>\n\t\t\t\t<\/div>\n\t\t\t\t\t<\/div>\n\t\t\t\t<\/div>\n\t\t<div class=\"elementor-element elementor-element-f7f0741 e-grid e-con-full e-con e-parent\" data-id=\"f7f0741\" data-element_type=\"container\" data-e-type=\"container\">\n\t\t\t\t<div class=\"elementor-element elementor-element-691b999 elementor-widget elementor-widget-text-editor\" data-id=\"691b999\" data-element_type=\"widget\" data-e-type=\"widget\" data-widget_type=\"text-editor.default\">\n\t\t\t\t<div class=\"elementor-widget-container\">\n\t\t\t\t\t\t\t\t\t<p style=\"text-align: center;\"><strong><span style=\"color: #000000;\">Vi har \u00f6ppet: <\/span><\/strong>Dygnet runt\u00a0 |\u00a0 <strong><span style=\"color: #000000;\">T<\/span><span style=\"color: #6c7c69;\"><span style=\"color: #000000;\">elefon:<\/span> <\/span><\/strong>0769-45 12 00\u00a0 |\u00a0 <span style=\"color: #000000;\">Email: <\/span>info@wgroup.nu |\u00a0<span style=\"letter-spacing: 0px; text-align: var(--text-align);\">Smedv\u00e4gen 27, Halmstad\u00a0 |\u00a0<\/span><span style=\"letter-spacing: 0px; text-align: var(--text-align);\">Skarpr\u00e4ttarv\u00e4gen 1B, J\u00e4rf\u00e4lla\u00a0 |\u00a0<\/span><span style=\"text-align: var(--text-align); letter-spacing: 0px;\">Grafikgatan 12, Uppsala\u00a0 |\u00a0\u00a0<\/span><span style=\"letter-spacing: 0px; color: #0000ff;\"><a style=\"color: #0000ff;\" href=\"https:\/\/www.facebook.com\/profile.php?id=100069423703115\" target=\"_blank\" rel=\"noopener\">facebook<\/a><\/span><\/p>\t\t\t\t\t\t\t\t<\/div>\n\t\t\t\t<\/div>\n\t\t\t\t<\/div>\n\t\t\t\t<\/div>\n\t\t","protected":false},"excerpt":{"rendered":"<p>Hyrbilar finns i: Enk\u00f6ping OCH V\u00e4ster\u00e5s Vi har \u00f6ppet: Dygnet runt\u00a0 |\u00a0 Telefon: 0769-45 12 00\u00a0 |\u00a0 Email: info@wgroup.nu |\u00a0Smedv\u00e4gen 27, Halmstad\u00a0 |\u00a0Skarpr\u00e4ttarv\u00e4gen 1B, J\u00e4rf\u00e4lla\u00a0 |\u00a0Grafikgatan 12, Uppsala\u00a0 |\u00a0\u00a0facebook<\/p>\n","protected":false},"author":1,"featured_media":0,"parent":0,"menu_order":0,"comment_status":"closed","ping_status":"closed","template":"elementor_header_footer","meta":{"footnotes":""},"class_list":["post-81","page","type-page","status-publish","hentry"],"_links":{"self":[{"href":"https:\/\/whyrbil.nu\/index.php?rest_route=\/wp\/v2\/pages\/81","targetHints":{"allow":["GET"]}}],"collection":[{"href":"https:\/\/whyrbil.nu\/index.php?rest_route=\/wp\/v2\/pages"}],"about":[{"href":"https:\/\/whyrbil.nu\/index.php?rest_route=\/wp\/v2\/types\/page"}],"author":[{"embeddable":true,"href":"https:\/\/whyrbil.nu\/index.php?rest_route=\/wp\/v2\/users\/1"}],"replies":[{"embeddable":true,"href":"https:\/\/whyrbil.nu\/index.php?rest_route=%2Fwp%2Fv2%2Fcomments&post=81"}],"version-history":[{"count":35,"href":"https:\/\/whyrbil.nu\/index.php?rest_route=\/wp\/v2\/pages\/81\/revisions"}],"predecessor-version":[{"id":187,"href":"https:\/\/whyrbil.nu\/index.php?rest_route=\/wp\/v2\/pages\/81\/revisions\/187"}],"wp:attachment":[{"href":"https:\/\/whyrbil.nu\/index.php?rest_route=%2Fwp%2Fv2%2Fmedia&parent=81"}],"curies":[{"name":"wp","href":"https:\/\/api.w.org\/{rel}","templated":true}]}}